{"id":9,"date":"2019-02-08T18:18:14","date_gmt":"2019-02-08T17:18:14","guid":{"rendered":"http:\/\/el-di.de\/?page_id=9"},"modified":"2025-04-09T17:36:36","modified_gmt":"2025-04-09T15:36:36","slug":"startseite","status":"publish","type":"page","link":"https:\/\/el-di.de\/en\/","title":{"rendered":"Startseite"},"content":{"rendered":"<p>[et_pb_section fb_built=&#8220;1&#8243; fullwidth=&#8220;on&#8220; _builder_version=&#8220;4.16&#8243; background_color=&#8220;rgba(255,255,255,0)&#8220; top_divider_color=&#8220;rgba(0,106,193,0.63)&#8220; bottom_divider_style=&#8220;wave&#8220; bottom_divider_color=&#8220;#054e89&#8243; bottom_divider_height=&#8220;50px&#8220; global_colors_info=&#8220;{}&#8220;][et_pb_fullwidth_header text_orientation=&#8220;center&#8220; header_fullscreen=&#8220;on&#8220; header_image_url=&#8220;https:\/\/el-di.de\/wp-content\/uploads\/2025\/02\/Titel_3631.jpg&#8220; _builder_version=&#8220;4.27.4&#8243; title_font=&#8220;Arial||||||||&#8220; title_text_align=&#8220;center&#8220; title_text_color=&#8220;#054e89&#8243; title_font_size=&#8220;40px&#8220; title_line_height=&#8220;1.5em&#8220; content_text_color=&#8220;#054e89&#8243; content_font_size=&#8220;16px&#8220; background_color=&#8220;rgba(255,255,255,0)&#8220; background_image=&#8220;http:\/\/el-di.de\/wp-content\/uploads\/2019\/02\/El-DI-kugeln-hintergrund-02.jpg&#8220; parallax=&#8220;on&#8220; background_layout=&#8220;light&#8220; custom_margin=&#8220;-50px||||false|false&#8220; custom_padding=&#8220;||||false|false&#8220; animation_style=&#8220;fold&#8220; animation_direction=&#8220;right&#8220; title_text_shadow_style=&#8220;preset2&#8243; title_text_shadow_horizontal_length=&#8220;0.06em&#8220; title_text_shadow_vertical_length=&#8220;0.06em&#8220; title_text_shadow_blur_strength=&#8220;0.13em&#8220; content_text_shadow_style=&#8220;preset2&#8243; box_shadow_style_image=&#8220;preset2&#8243; box_shadow_blur_image=&#8220;9px&#8220; text_shadow_style=&#8220;preset2&#8243; text_shadow_horizontal_length=&#8220;0.06em&#8220; text_shadow_vertical_length=&#8220;0.06em&#8220; text_shadow_blur_strength=&#8220;0.11em&#8220; global_colors_info=&#8220;{}&#8220;]<\/p>\n<p style=\"text-align: center;\">\n<h1 style=\"text-align: center;\">\u00a0<\/h1>\n<h1 style=\"text-align: center;\">Ihr Spezialist f\u00fcr EDI-Module<\/h1>\n<p>Hochwertige Produkte f\u00fcr die Reinstwasserherstellung &#8211; Effizient, zuverl\u00e4ssig und nachhaltig, ohne Einsatz von Chemikalien.<\/p>\n<p>&nbsp;<\/p>\n<p>[\/et_pb_fullwidth_header][\/et_pb_section]<\/p>\n","protected":false},"excerpt":{"rendered":"<p>\u00a0 Ihr Spezialist f\u00fcr EDI-Module Hochwertige Produkte f\u00fcr die Reinstwasserherstellung &#8211; Effizient, zuverl\u00e4ssig und nachhaltig, ohne Einsatz von Chemikalien. &nbsp;<\/p>","protected":false},"author":1,"featured_media":0,"parent":0,"menu_order":0,"comment_status":"closed","ping_status":"closed","template":"","meta":{"_et_pb_use_builder":"on","_et_pb_old_content":"","_et_gb_content_width":"","footnotes":""},"class_list":["post-9","page","type-page","status-publish","hentry"],"_links":{"self":[{"href":"https:\/\/el-di.de\/en\/wp-json\/wp\/v2\/pages\/9","targetHints":{"allow":["GET"]}}],"collection":[{"href":"https:\/\/el-di.de\/en\/wp-json\/wp\/v2\/pages"}],"about":[{"href":"https:\/\/el-di.de\/en\/wp-json\/wp\/v2\/types\/page"}],"author":[{"embeddable":true,"href":"https:\/\/el-di.de\/en\/wp-json\/wp\/v2\/users\/1"}],"replies":[{"embeddable":true,"href":"https:\/\/el-di.de\/en\/wp-json\/wp\/v2\/comments?post=9"}],"version-history":[{"count":92,"href":"https:\/\/el-di.de\/en\/wp-json\/wp\/v2\/pages\/9\/revisions"}],"predecessor-version":[{"id":670,"href":"https:\/\/el-di.de\/en\/wp-json\/wp\/v2\/pages\/9\/revisions\/670"}],"wp:attachment":[{"href":"https:\/\/el-di.de\/en\/wp-json\/wp\/v2\/media?parent=9"}],"curies":[{"name":"wp","href":"https:\/\/api.w.org\/{rel}","templated":true}]}}