{"id":83,"date":"2019-02-11T16:53:24","date_gmt":"2019-02-11T15:53:24","guid":{"rendered":"http:\/\/el-di.de\/?page_id=83"},"modified":"2025-04-09T17:02:34","modified_gmt":"2025-04-09T15:02:34","slug":"dei-methode","status":"publish","type":"page","link":"https:\/\/el-di.de\/en\/dei-methode\/","title":{"rendered":"Methode"},"content":{"rendered":"<p>[et_pb_section fb_built=&#8220;1&#8243; _builder_version=&#8220;4.16&#8243; background_color=&#8220;rgba(255,255,255,0)&#8220; bottom_divider_color=&#8220;#054e89&#8243; global_colors_info=&#8220;{}&#8220;][et_pb_row _builder_version=&#8220;4.16&#8243; global_colors_info=&#8220;{}&#8220;][et_pb_column type=&#8220;4_4&#8243; _builder_version=&#8220;4.16&#8243; custom_padding=&#8220;|||&#8220; global_colors_info=&#8220;{}&#8220; custom_padding__hover=&#8220;|||&#8220;][et_pb_text _builder_version=&#8220;4.27.4&#8243; header_font=&#8220;Lato||||||||&#8220; header_text_color=&#8220;#054e89&#8243; background_color=&#8220;rgba(255,255,255,0)&#8220; custom_margin=&#8220;|||30px|false|false&#8220; global_colors_info=&#8220;{}&#8220;]<\/p>\n<h1>Technologie der Elektro-Deionisation<\/h1>\n<p>[\/et_pb_text][\/et_pb_column][\/et_pb_row][et_pb_row column_structure=&#8220;3_5,2_5&#8243; module_class=&#8220; et_pb_row_fullwidth&#8220; _builder_version=&#8220;4.16&#8243; background_color=&#8220;#ffffff&#8220; width=&#8220;89%&#8220; width_tablet=&#8220;80%&#8220; width_phone=&#8220;&#8220; width_last_edited=&#8220;on|desktop&#8220; max_width=&#8220;89%&#8220; max_width_tablet=&#8220;80%&#8220; max_width_phone=&#8220;&#8220; max_width_last_edited=&#8220;on|desktop&#8220; module_alignment=&#8220;center&#8220; custom_margin=&#8220;|||30px&#8220; make_fullwidth=&#8220;on&#8220; custom_width_px=&#8220;1173px&#8220; global_colors_info=&#8220;{}&#8220;][et_pb_column type=&#8220;3_5&#8243; _builder_version=&#8220;4.16&#8243; custom_padding=&#8220;|||&#8220; global_colors_info=&#8220;{}&#8220; custom_padding__hover=&#8220;|||&#8220;][et_pb_text _builder_version=&#8220;4.16&#8243; custom_margin=&#8220;|||30px&#8220; global_colors_info=&#8220;{}&#8220;]<\/p>\n<p>In den letzten Jahrzehnten hat sich der Einsatz von <strong>Elektro-Entionisierungszellen (EDI)<\/strong> als bew\u00e4hrte Technologie zur Herstellung von hochreinem Wasser etabliert. Der Wunsch, auf Regenerationschemikalien f\u00fcr Nachbehandlungssysteme wie Ionenaustauscher in Verbindung mit Umkehrosmose-Anlagen zu verzichten, hat die Verbreitung dieser Technologie stark gef\u00f6rdert.<\/p>\n<p>EDI-Zellen haben herk\u00f6mmliche Ionenaustauscher als Polisher f\u00fcr externe Regenerationen zunehmend verdr\u00e4ngt. Durch den Einsatz von EDI-Zellen entfallen der regelm\u00e4\u00dfige Austausch von DI-Patronen und die damit verbundenen Qualit\u00e4tseinbu\u00dfen des Produktwassers.<\/p>\n<p>&nbsp;<\/p>\n<p><strong>Die wichtigsten Vorteile der EDI-Technologie:<\/strong><\/p>\n<ul>\n<li><strong>Kontinuierlicher Betrieb:<\/strong> EDI-Zellen arbeiten ohne Betriebsunterbrechungen f\u00fcr Regenerationen oder den Austausch von DI-Patronen.<\/li>\n<li><strong>Konstante Wasserqualit\u00e4t:<\/strong> Die gleichbleibende Qualit\u00e4t des Produktwassers wird dauerhaft sichergestellt.<\/li>\n<li><strong>Nachhaltigkeit:<\/strong> EDI-Zellen ben\u00f6tigen keine Chemikalien zur Regeneration, was sie zu einer umweltfreundlichen und kosteneffizienten L\u00f6sung macht.<\/li>\n<li><strong>Wirtschaftlichkeit:<\/strong> Durch den Wegfall von Chemikalien und DI-Patronenwechseln werden die Betriebskosten erheblich gesenkt.<\/li>\n<\/ul>\n<p>EDI-Zellen entfernen Ionen aus Wasser, das \u00fcblicherweise durch eine Umkehrosmose-Anlage oder andere Aufbereitungssysteme vorbehandelt wurde. <strong>EL-DI-Zellen<\/strong> liefern Reinstwasser in h\u00f6chster Qualit\u00e4t von bis zu <strong>0,055 \u00b5S\/cm (entspricht 18.2 M\u03a9\u00b7cm)<\/strong> und k\u00f6nnen sowohl kontinuierlich als auch intermittierend betrieben werden.<\/p>\n<p>&nbsp;<\/p>\n<p><strong>Unsere EL-DI Technologien: MB-Serie und HD-Serie<\/strong><\/p>\n<p>Die EL-DI GmbH bietet zwei spezifische Technologien, die auf unterschiedliche Anwendungsanforderungen zugeschnitten sind:<\/p>\n<p>&nbsp;<\/p>\n<p><strong>EL-DI HD-Serie \u2013 F\u00fcr anspruchsvolle Anwendungen<\/strong><\/p>\n<p>Die innovative <strong>HD-Serie<\/strong> wurde f\u00fcr h\u00f6chste Anforderungen entwickelt. Sie basiert auf Monobetten und u.a. modernen bipolaren Ionenaustauscher Membranen.<\/p>\n<ul>\n<li><strong>Hohe Toleranz:<\/strong> Funktioniert selbst bei erh\u00f6hten <strong>CO\u2082<\/strong>-Werten von bis zu <strong>30\u00a0ppm<\/strong> (abh\u00e4ngig vom Modelltyp) und einem Feedwater Conductivity Equivalent (<strong>FCE<\/strong>) von bis zu <strong>80 \u00b5S\/cm<\/strong>.<\/li>\n<li><strong>H\u00f6chste Leistungsf\u00e4higkeit:<\/strong> Die kompaktesten und leistungsst\u00e4rksten Zellen auf dem Markt.<\/li>\n<li><strong>Energieeffizienz:<\/strong> Deutlich geringerer Energieverbrauch im Vergleich zu anderen Zellen.<\/li>\n<li><strong>Sicherheit:<\/strong> Betrieb mit Niederspannung, wodurch keine zus\u00e4tzlichen Personenschutzma\u00dfnahmen erforderlich sind.<\/li>\n<li><strong>Vereinfachte Handhabung:<\/strong> Kein Bedarf f\u00fcr Elektrolyte, Elektrodensp\u00fclungen, Zirkulationspumpen oder in vielen F\u00e4llen Entgasung oder pH-Anhebung.<\/li>\n<\/ul>\n<p>&nbsp;<\/p>\n<ul><\/ul>\n<p><strong>EL-DI MB-Serie \u2013 Preiswerte L\u00f6sung f\u00fcr Standardanwendungen<\/strong><\/p>\n<p>Die <strong>MB-Serie<\/strong> ist die kosteng\u00fcnstigere Alternative und wurde speziell f\u00fcr Standardanwendungen bei \u00fcblichen Wasserbedingungen entwickelt. Sie basiert auf Mischbettkammern, sowie monopolaren Ion-Austauscher-Membranen.<\/p>\n<p>&nbsp;<\/p>\n<ul>\n<li><strong>Wirtschaftlichkeit:<\/strong> Hochwertige Module zu einem besonders attraktiven Preis.<\/li>\n<li><strong>Verl\u00e4ssliche Leistung:<\/strong> Ideal f\u00fcr g\u00e4ngige Anwendungen mit gleichbleibender Qualit\u00e4t<strong>.<\/strong><\/li>\n<li><strong>Sicherheit:<\/strong> Betrieb mit Niederspannung, wodurch keine zus\u00e4tzlichen Personenschutzma\u00dfnahmen erforderlich sind.<\/li>\n<li><strong>Vereinfachte Handhabung:<\/strong> Kein Bedarf f\u00fcr Elektrodensp\u00fclung, Zirkulationspumpen und in vielen F\u00e4llen pH-Anhebung.<\/li>\n<\/ul>\n<ul><\/ul>\n<p>[\/et_pb_text][\/et_pb_column][et_pb_column type=&#8220;2_5&#8243; _builder_version=&#8220;4.16&#8243; background_color=&#8220;#ffffff&#8220; custom_padding=&#8220;|10px||&#8220; global_colors_info=&#8220;{}&#8220; custom_padding__hover=&#8220;|||&#8220;][et_pb_text _builder_version=&#8220;4.16&#8243; text_font=&#8220;|700|||||||&#8220; text_font_size=&#8220;12px&#8220; global_colors_info=&#8220;{}&#8220;]<\/p>\n<h3>Zum Vergr\u00f6\u00dfern bitte klicken.<\/h3>\n<p>[\/et_pb_text][et_pb_image src=&#8220;http:\/\/el-di.de\/wp-content\/uploads\/2020\/02\/Schema-EL-DI.jpg&#8220; show_in_lightbox=&#8220;on&#8220; align_tablet=&#8220;center&#8220; align_phone=&#8220;&#8220; align_last_edited=&#8220;on|desktop&#8220; _builder_version=&#8220;4.16&#8243; custom_margin=&#8220;|30px||&#8220; box_shadow_style=&#8220;preset3&#8243; global_colors_info=&#8220;{}&#8220;][\/et_pb_image][et_pb_text _builder_version=&#8220;4.27.4&#8243; text_font=&#8220;|700|||||||&#8220; text_font_size=&#8220;12px&#8220; custom_margin=&#8220;-15px|||||&#8220; global_colors_info=&#8220;{}&#8220;]<\/p>\n<p><strong>Funktionsschema der EL-DI Module<\/strong><\/p>\n<p><strong>Fragen und Bestellungen zu unseren Produkten nehmen wir gerne per Mail unter <a href=\"mailto:info@el-di.de\">info@el-di.de<\/a> oder per Telefon unter +49 40 35703877 entgegen.<\/strong><\/p>\n<p>[\/et_pb_text][\/et_pb_column][\/et_pb_row][et_pb_row _builder_version=&#8220;4.27.4&#8243; _module_preset=&#8220;default&#8220; global_colors_info=&#8220;{}&#8220;][et_pb_column type=&#8220;4_4&#8243; _builder_version=&#8220;4.27.4&#8243; _module_preset=&#8220;default&#8220; global_colors_info=&#8220;{}&#8220;][\/et_pb_column][\/et_pb_row][\/et_pb_section][et_pb_section fb_built=&#8220;1&#8243; _builder_version=&#8220;4.16&#8243; background_color=&#8220;rgba(255,255,255,0)&#8220; custom_margin=&#8220;-20px|||&#8220; bottom_divider_style=&#8220;wave&#8220; bottom_divider_color=&#8220;#054e89&#8243; global_colors_info=&#8220;{}&#8220;][\/et_pb_section]<\/p>\n","protected":false},"excerpt":{"rendered":"<p>Technologie der Elektro-DeionisationIn den letzten Jahrzehnten hat sich der Einsatz von Elektro-Entionisierungszellen (EDI) als bew\u00e4hrte Technologie zur Herstellung von hochreinem Wasser etabliert. Der Wunsch, auf Regenerationschemikalien f\u00fcr Nachbehandlungssysteme wie Ionenaustauscher in Verbindung mit Umkehrosmose-Anlagen zu verzichten, hat die Verbreitung dieser Technologie stark gef\u00f6rdert. EDI-Zellen haben herk\u00f6mmliche Ionenaustauscher als Polisher f\u00fcr externe Regenerationen zunehmend verdr\u00e4ngt. Durch [&hellip;]<\/p>\n","protected":false},"author":1,"featured_media":0,"parent":0,"menu_order":0,"comment_status":"closed","ping_status":"closed","template":"","meta":{"_et_pb_use_builder":"on","_et_pb_old_content":"","_et_gb_content_width":"","footnotes":""},"class_list":["post-83","page","type-page","status-publish","hentry"],"_links":{"self":[{"href":"https:\/\/el-di.de\/en\/wp-json\/wp\/v2\/pages\/83","targetHints":{"allow":["GET"]}}],"collection":[{"href":"https:\/\/el-di.de\/en\/wp-json\/wp\/v2\/pages"}],"about":[{"href":"https:\/\/el-di.de\/en\/wp-json\/wp\/v2\/types\/page"}],"author":[{"embeddable":true,"href":"https:\/\/el-di.de\/en\/wp-json\/wp\/v2\/users\/1"}],"replies":[{"embeddable":true,"href":"https:\/\/el-di.de\/en\/wp-json\/wp\/v2\/comments?post=83"}],"version-history":[{"count":21,"href":"https:\/\/el-di.de\/en\/wp-json\/wp\/v2\/pages\/83\/revisions"}],"predecessor-version":[{"id":729,"href":"https:\/\/el-di.de\/en\/wp-json\/wp\/v2\/pages\/83\/revisions\/729"}],"wp:attachment":[{"href":"https:\/\/el-di.de\/en\/wp-json\/wp\/v2\/media?parent=83"}],"curies":[{"name":"wp","href":"https:\/\/api.w.org\/{rel}","templated":true}]}}