{"id":98,"date":"2019-02-11T16:57:41","date_gmt":"2019-02-11T15:57:41","guid":{"rendered":"http:\/\/el-di.de\/?page_id=98"},"modified":"2025-04-09T11:52:46","modified_gmt":"2025-04-09T09:52:46","slug":"uber-uns","status":"publish","type":"page","link":"http:\/\/el-di.de\/en\/uber-uns\/","title":{"rendered":"About Us"},"content":{"rendered":"<p>[et_pb_section fb_built=&#8220;1&#8243; _builder_version=&#8220;4.16&#8243; background_color=&#8220;rgba(255,255,255,0)&#8220; bottom_divider_color=&#8220;#054e89&#8243; global_colors_info=&#8220;{}&#8220;][et_pb_row _builder_version=&#8220;4.16&#8243; global_colors_info=&#8220;{}&#8220;][et_pb_column type=&#8220;4_4&#8243; _builder_version=&#8220;4.16&#8243; custom_padding=&#8220;|||&#8220; global_colors_info=&#8220;{}&#8220; custom_padding__hover=&#8220;|||&#8220;][et_pb_text _builder_version=&#8220;4.16&#8243; header_font=&#8220;Lato||||||||&#8220; header_text_color=&#8220;#054e89&#8243; background_color=&#8220;rgba(255,255,255,0)&#8220; custom_margin=&#8220;|||30px|false|false&#8220; global_colors_info=&#8220;{}&#8220;]<\/p>\n<h1>Wer und was ist die\u00a0EL-DI\u00a0GmbH?<\/h1>\n<p>[\/et_pb_text][\/et_pb_column][\/et_pb_row][et_pb_row column_structure=&#8220;2_3,1_3&#8243; module_class=&#8220; et_pb_row_fullwidth&#8220; _builder_version=&#8220;4.16&#8243; background_color=&#8220;#ffffff&#8220; width=&#8220;89%&#8220; width_tablet=&#8220;80%&#8220; width_phone=&#8220;&#8220; width_last_edited=&#8220;on|desktop&#8220; max_width=&#8220;89%&#8220; max_width_tablet=&#8220;80%&#8220; max_width_phone=&#8220;&#8220; max_width_last_edited=&#8220;on|desktop&#8220; module_alignment=&#8220;center&#8220; custom_margin=&#8220;|||30px&#8220; make_fullwidth=&#8220;on&#8220; custom_width_px=&#8220;1173px&#8220; global_colors_info=&#8220;{}&#8220;][et_pb_column type=&#8220;2_3&#8243; _builder_version=&#8220;4.16&#8243; custom_padding=&#8220;|||&#8220; global_colors_info=&#8220;{}&#8220; custom_padding__hover=&#8220;|||&#8220;][et_pb_text _builder_version=&#8220;4.16&#8243; custom_margin=&#8220;|||30px&#8220; global_colors_info=&#8220;{}&#8220;]<\/p>\n<p><strong>\u00dcber die EL-DI GmbH<\/strong><\/p>\n<p>Wir, die EL-DI GmbH, sind ein deutsches Familienunternehmen, das sich auf Elektro-Entionisierungszellen (EDI) f\u00fcr die Wasseraufbereitung spezialisiert hat. Wir entwickeln und fertigen hochwertige EDI-Module und unterst\u00fctzen unsere Kunden mit fundierter Beratung. Weltweit vertrauen System-Integratoren und Anlagenbauer bereits auf unsere in Deutschland hergestellten Produkte.<\/p>\n<p><strong>Unser Gr\u00fcnder &amp; CEO \u2013 Dietmar Steudten<\/strong><br \/>Die EL-DI GmbH wurde von <strong>Dietmar Steudten<\/strong> gegr\u00fcndet, der seit \u00fcber f\u00fcnf Jahrzehnten als Experte in der Wasseraufbereitung t\u00e4tig ist. Bereits 1977 gr\u00fcndete er die <strong>SG Wasseraufbereitung und Regenerierstation GmbH<\/strong>, die er 2008 an Siemens verkaufte. Unter seiner Leitung wurden dort unter anderem Elektro-Entionisierungszellen, bekannt als <strong>El-Ion<\/strong>, f\u00fcr Leistungen von 5 bis 3000 l\/h entwickelt und vertrieben.<\/p>\n<p>Nach seinem Austritt bei Siemens widmete sich Dietmar Steudten zun\u00e4chst der Entwicklung fortschrittlicher Reinstwasser- und Laborwassersysteme im Auftrag namhafter Kunden, bevor er die EL-DI GmbH gr\u00fcndete, um effiziente und hoch-tolerante <strong>Elektro-Entionisierungsmodule<\/strong> auf den Markt zu bringen.<\/p>\n<p>Mit der EL-DI GmbH verbinden wir jahrzehntelange Erfahrung und Innovative Technologie \u2013 f\u00fcr optimale Reinstwasserproduktion.<\/p>\n<p>[\/et_pb_text][\/et_pb_column][et_pb_column type=&#8220;1_3&#8243; _builder_version=&#8220;4.16&#8243; background_color=&#8220;#ffffff&#8220; custom_padding=&#8220;|10px||&#8220; global_colors_info=&#8220;{}&#8220; custom_padding__hover=&#8220;|||&#8220;][et_pb_image src=&#8220;http:\/\/el-di.de\/wp-content\/uploads\/2020\/10\/steudten_2425.jpg&#8220; title_text=&#8220;steudten_2425&#8243; align_tablet=&#8220;center&#8220; align_phone=&#8220;&#8220; align_last_edited=&#8220;on|desktop&#8220; _builder_version=&#8220;4.16&#8243; custom_margin=&#8220;|30px||&#8220; box_shadow_style=&#8220;preset3&#8243; global_colors_info=&#8220;{}&#8220;][\/et_pb_image][\/et_pb_column][\/et_pb_row][\/et_pb_section][et_pb_section fb_built=&#8220;1&#8243; _builder_version=&#8220;4.16&#8243; background_color=&#8220;rgba(255,255,255,0)&#8220; custom_margin=&#8220;-20px|||&#8220; bottom_divider_style=&#8220;wave&#8220; bottom_divider_color=&#8220;#054e89&#8243; global_colors_info=&#8220;{}&#8220;][\/et_pb_section]<\/p>\n","protected":false},"excerpt":{"rendered":"<p>Wer und was ist die\u00a0EL-DI\u00a0GmbH? \u00dcber die EL-DI GmbH Wir, die EL-DI GmbH, sind ein deutsches Familienunternehmen, das sich auf Elektro-Entionisierungszellen (EDI) f\u00fcr die Wasseraufbereitung spezialisiert hat. Wir entwickeln und fertigen hochwertige EDI-Module und unterst\u00fctzen unsere Kunden mit fundierter Beratung. Weltweit vertrauen System-Integratoren und Anlagenbauer bereits auf unsere in Deutschland hergestellten Produkte. Unser Gr\u00fcnder &amp; [&hellip;]<\/p>\n","protected":false},"author":1,"featured_media":0,"parent":0,"menu_order":0,"comment_status":"closed","ping_status":"closed","template":"","meta":{"_et_pb_use_builder":"on","_et_pb_old_content":"<p>[et_pb_section fb_built=\"1\" _builder_version=\"3.22\" background_color=\"rgba(255,255,255,0)\" bottom_divider_color=\"#054e89\"][et_pb_row _builder_version=\"3.25\"][et_pb_column type=\"4_4\" _builder_version=\"3.25\" custom_padding=\"|||\" custom_padding__hover=\"|||\"][et_pb_text _builder_version=\"4.6.6\" header_font=\"Lato||||||||\" header_text_color=\"#054e89\" background_color=\"rgba(255,255,255,0)\" custom_margin=\"|||30px|false|false\" hover_enabled=\"0\" sticky_enabled=\"0\"]<\/p><h1>Wer und was ist die\u00a0EL-DI\u00a0GmbH?<\/h1><p>[\/et_pb_text][\/et_pb_column][\/et_pb_row][et_pb_row column_structure=\"2_3,1_3\" module_class=\" et_pb_row_fullwidth\" _builder_version=\"3.25\" background_color=\"#ffffff\" width=\"89%\" width_tablet=\"80%\" width_phone=\"\" width_last_edited=\"on|desktop\" max_width=\"89%\" max_width_tablet=\"80%\" max_width_phone=\"\" max_width_last_edited=\"on|desktop\" module_alignment=\"center\" custom_margin=\"|||30px\" make_fullwidth=\"on\" custom_width_px=\"1173px\"][et_pb_column type=\"2_3\" _builder_version=\"3.25\" custom_padding=\"|||\" custom_padding__hover=\"|||\"][et_pb_text _builder_version=\"4.0.11\" custom_margin=\"|||30px\"]<\/p><p><strong>\u00dcber die EL-DI GmbH<\/strong><\/p><p>Wir, die EL-DI GmbH, sind ein deutsches Familienunternehmen, das sich auf Elektro-Entionisierungszellen (EDI) f\u00fcr die Wasseraufbereitung spezialisiert hat. Wir entwickeln und fertigen hochwertige EDI-Module und unterst\u00fctzen unsere Kunden mit fundierter Beratung. Weltweit vertrauen System-Integratoren und Anlagenbauer bereits auf unsere in Deutschland hergestellten Produkte.<\/p><p><strong>Unser Gr\u00fcnder & CEO \u2013 Dietmar Steudten<\/strong><br \/>Die EL-DI GmbH wurde von <strong>Dietmar Steudten<\/strong> gegr\u00fcndet, der seit \u00fcber f\u00fcnf Jahrzehnten als Experte in der Wasseraufbereitung t\u00e4tig ist. Bereits 1977 gr\u00fcndete er die <strong>SG Wasseraufbereitung und Regenerierstation GmbH<\/strong>, die er 2008 an Siemens verkaufte. Unter seiner Leitung wurden dort unter anderem Elektro-Entionisierungszellen, bekannt als <strong>El-Ion<\/strong>, f\u00fcr Leistungen von 5 bis 3000 l\/h entwickelt und vertrieben.<\/p><p>Nach seinem Austritt bei Siemens widmete sich Dietmar Steudten zun\u00e4chst der Entwicklung fortschrittlicher Reinstwasser- und Laborwassersysteme im Auftrag namhafter Kunden, bevor er die EL-DI GmbH gr\u00fcndete, um effiziente und hoch-tolerante <strong>Elektro-Entionisierungszellen<\/strong> auf den Markt zu bringen.<\/p><p>Mit der EL-DI GmbH verbinden wir jahrzehntelange Erfahrung und Innovative Technologie \u2013 f\u00fcr optimale Reinstwasserproduktion.<\/p><p>[\/et_pb_text][\/et_pb_column][et_pb_column type=\"1_3\" _builder_version=\"3.25\" background_color=\"#ffffff\" custom_padding=\"|10px||\" custom_padding__hover=\"|||\"][et_pb_image src=\"http:\/\/el-di.de\/wp-content\/uploads\/2020\/10\/steudten_2425.jpg\" title_text=\"steudten_2425\" align_tablet=\"center\" align_phone=\"\" align_last_edited=\"on|desktop\" _builder_version=\"4.6.5\" custom_margin=\"|30px||\" box_shadow_style=\"preset3\"][\/et_pb_image][\/et_pb_column][\/et_pb_row][\/et_pb_section][et_pb_section fb_built=\"1\" _builder_version=\"3.22\" background_color=\"rgba(255,255,255,0)\" custom_margin=\"-20px|||\" bottom_divider_style=\"wave\" bottom_divider_color=\"#054e89\"][\/et_pb_section]<\/p>","_et_gb_content_width":"","footnotes":""},"class_list":["post-98","page","type-page","status-publish","hentry"],"_links":{"self":[{"href":"http:\/\/el-di.de\/en\/wp-json\/wp\/v2\/pages\/98","targetHints":{"allow":["GET"]}}],"collection":[{"href":"http:\/\/el-di.de\/en\/wp-json\/wp\/v2\/pages"}],"about":[{"href":"http:\/\/el-di.de\/en\/wp-json\/wp\/v2\/types\/page"}],"author":[{"embeddable":true,"href":"http:\/\/el-di.de\/en\/wp-json\/wp\/v2\/users\/1"}],"replies":[{"embeddable":true,"href":"http:\/\/el-di.de\/en\/wp-json\/wp\/v2\/comments?post=98"}],"version-history":[{"count":42,"href":"http:\/\/el-di.de\/en\/wp-json\/wp\/v2\/pages\/98\/revisions"}],"predecessor-version":[{"id":678,"href":"http:\/\/el-di.de\/en\/wp-json\/wp\/v2\/pages\/98\/revisions\/678"}],"wp:attachment":[{"href":"http:\/\/el-di.de\/en\/wp-json\/wp\/v2\/media?parent=98"}],"curies":[{"name":"wp","href":"https:\/\/api.w.org\/{rel}","templated":true}]}}