{"id":88,"date":"2019-02-11T16:54:17","date_gmt":"2019-02-11T15:54:17","guid":{"rendered":"http:\/\/el-di.de\/?page_id=88"},"modified":"2025-04-09T17:49:01","modified_gmt":"2025-04-09T15:49:01","slug":"produkte","status":"publish","type":"page","link":"http:\/\/el-di.de\/en\/produkte\/","title":{"rendered":"Products"},"content":{"rendered":"<p>[et_pb_section fb_built=&#8220;1&#8243; _builder_version=&#8220;4.16&#8243; background_color=&#8220;rgba(255,255,255,0)&#8220; bottom_divider_color=&#8220;#054e89&#8243; global_colors_info=&#8220;{}&#8220;][et_pb_row _builder_version=&#8220;4.16&#8243; global_colors_info=&#8220;{}&#8220;][et_pb_column type=&#8220;4_4&#8243; _builder_version=&#8220;4.16&#8243; custom_padding=&#8220;|||&#8220; global_colors_info=&#8220;{}&#8220; custom_padding__hover=&#8220;|||&#8220;][et_pb_text _builder_version=&#8220;4.27.4&#8243; header_font=&#8220;Arial||||||||&#8220; header_text_color=&#8220;#054e89&#8243; background_color=&#8220;rgba(255,255,255,0)&#8220; custom_margin=&#8220;|||30px|false|false&#8220; global_colors_info=&#8220;{}&#8220;]<\/p>\n<h1>\u00dcbersicht der EL-DI Module<\/h1>\n<p>[\/et_pb_text][\/et_pb_column][\/et_pb_row][et_pb_row column_structure=&#8220;3_4,1_4&#8243; module_class=&#8220; et_pb_row_fullwidth&#8220; _builder_version=&#8220;4.16&#8243; background_color=&#8220;#ffffff&#8220; width=&#8220;89%&#8220; width_tablet=&#8220;80%&#8220; width_phone=&#8220;&#8220; width_last_edited=&#8220;on|desktop&#8220; max_width=&#8220;89%&#8220; max_width_tablet=&#8220;80%&#8220; max_width_phone=&#8220;&#8220; max_width_last_edited=&#8220;on|desktop&#8220; module_alignment=&#8220;center&#8220; custom_margin=&#8220;|||30px&#8220; custom_padding=&#8220;||0px|||&#8220; make_fullwidth=&#8220;on&#8220; custom_width_px=&#8220;1173px&#8220; global_colors_info=&#8220;{}&#8220;][et_pb_column type=&#8220;3_4&#8243; _builder_version=&#8220;4.16&#8243; custom_padding=&#8220;|||&#8220; global_colors_info=&#8220;{}&#8220; custom_padding__hover=&#8220;|||&#8220;][et_pb_text _builder_version=&#8220;4.27.4&#8243; _module_preset=&#8220;default&#8220; width=&#8220;100%&#8220; custom_padding=&#8220;|2px||25px||&#8220; global_colors_info=&#8220;{}&#8220;]<\/p>\n<p>Wir bieten unterschiedliche <strong>Elektro-Entionisierungszellen (EDI) <\/strong>mit Nennleistungen von 10 &#8211; 500 l\/h an, die an Ihre Wasseraufbereitungsbed\u00fcrfnisse angepasst sind. Egal, ob Sie ein leistungsstarkes Modul f\u00fcr anspruchsvolle Anwendungen oder eine kosteng\u00fcnstigere Option f\u00fcr Standardanwendungen suchen, wir haben die passende Technologie f\u00fcr Sie. All unsere Module laufen mit Niederspannung und sind f\u00fcr eine einfache Handhabung und Installation ausgelegt. Unsere Produktpalette umfasst:<\/p>\n<p><strong>EL-DI HD-Serie \u2013 F\u00fcr anspruchsvolle Wasserbedingungen<\/strong><br \/>Die HD-Serie ist f\u00fcr h\u00f6chste Leistungsanforderungen entwickelt. Sie eignet sich besonders f\u00fcr Anwendungen, bei denen hohe Toleranz und Zuverl\u00e4ssigkeit erforderlich sind.<\/p>\n<ul>\n<li style=\"list-style-type: none;\">\n<ul>\n<li><strong>Leistungsstark:<\/strong> Kompakte und leistungsstarke Zellen, die auch unter anspruchsvollen Bedingungen hervorragende Ergebnisse liefern.<\/li>\n<li><strong>Hohe Toleranz:<\/strong> Diese Module k\u00f6nnen auch erh\u00f6hte <strong>CO\u2082-Werte<\/strong> von bis zu <strong>30\u00a0ppm <\/strong>(abh\u00e4ngig vom Modell) und ein Feedwater Conductivity Equivalent (<strong>FCE<\/strong>) von bis zu <strong>80 \u00b5S\/cm<\/strong> tolerieren.<\/li>\n<li><strong>Energieeffizienz:<\/strong> Die HD-Serie verbraucht deutlich weniger Energie als herk\u00f6mmliche Systeme. Daher ist diese Serie besonders nachhaltig und senkt operative Kosten.<\/li>\n<\/ul>\n<\/li>\n<\/ul>\n<p><strong>EL-DI MB-Serie \u2013 Kosteng\u00fcnstige L\u00f6sung f\u00fcr Standardanwendungen<\/strong><br \/>Die MB-Serie stellt eine preisg\u00fcnstigere Alternative dar und bietet gleichzeitig exzellente Qualit\u00e4t f\u00fcr Standardanwendungen unter typischen Wasserbedingungen.<\/p>\n<ul>\n<li style=\"list-style-type: none;\">\n<ul>\n<li><strong>Wirtschaftlichkeit:<\/strong> Hochwertige Module zu einem attraktiven Preis, ideal f\u00fcr Systeme mit \u00fcblichen Anforderungen.<\/li>\n<\/ul>\n<\/li>\n<\/ul>\n<p><strong>Fragen und Bestellungen zu unseren Produkten nehmen wir gerne per Mail unter <\/strong><a href=\"mailto:info@el-di.de\"><strong>info@el-di.de<\/strong><\/a><strong> oder per Telefon unter +49 40 35703877 entgegen.<\/strong><\/p>\n<p>&nbsp;<\/p>\n<p>[\/et_pb_text][\/et_pb_column][et_pb_column type=&#8220;1_4&#8243; _builder_version=&#8220;4.27.4&#8243; _module_preset=&#8220;default&#8220; global_colors_info=&#8220;{}&#8220;][et_pb_image src=&#8220;https:\/\/el-di.de\/wp-content\/uploads\/2025\/02\/Image-Titel-fuer-pdf.jpg&#8220; title_text=&#8220;Image-Titel-fu\u0308r-pdf&#8220; url=&#8220;https:\/\/el-di.de\/wp-content\/uploads\/2025\/02\/Image-01_25-web.pdf&#8220; url_new_window=&#8220;on&#8220; align_tablet=&#8220;center&#8220; align_phone=&#8220;&#8220; align_last_edited=&#8220;on|desktop&#8220; _builder_version=&#8220;4.27.4&#8243; width=&#8220;93.6%&#8220; min_height=&#8220;115.7px&#8220; custom_margin=&#8220;|20px|18px|-16px||&#8220; custom_padding=&#8220;|0px|5px|||&#8220; box_shadow_style=&#8220;preset2&#8243; box_shadow_horizontal=&#8220;3px&#8220; box_shadow_vertical=&#8220;3px&#8220; box_shadow_blur=&#8220;6px&#8220; global_colors_info=&#8220;{}&#8220;][\/et_pb_image][et_pb_text _builder_version=&#8220;4.27.4&#8243; text_font=&#8220;Arial||||||||&#8220; width=&#8220;100%&#8220; custom_margin=&#8220;|||-18px||&#8220; custom_padding=&#8220;|3px|9px|||&#8220; global_colors_info=&#8220;{}&#8220;]<\/p>\n<p>F\u00fcr mehr Informationen k\u00f6nnen Sie <a href=\"https:\/\/el-di.de\/wp-content\/uploads\/2025\/03\/Image-03_25-web.pdf\" target=\"_blank\" rel=\"noopener\"><strong>hier<\/strong><\/a> unseren Prospekt herunterladen.<\/p>\n<p>[\/et_pb_text][\/et_pb_column][\/et_pb_row][\/et_pb_section][et_pb_section fb_built=&#8220;1&#8243; _builder_version=&#8220;4.16&#8243; background_color=&#8220;rgba(255,255,255,0)&#8220; custom_margin=&#8220;-20px|||&#8220; bottom_divider_style=&#8220;wave&#8220; bottom_divider_color=&#8220;#054e89&#8243; global_colors_info=&#8220;{}&#8220;][\/et_pb_section]<\/p>\n","protected":false},"excerpt":{"rendered":"<p>\u00dcbersicht der EL-DI ModuleWir bieten unterschiedliche Elektro-Entionisierungszellen (EDI) mit Nennleistungen von 10 &#8211; 500 l\/h an, die an Ihre Wasseraufbereitungsbed\u00fcrfnisse angepasst sind. Egal, ob Sie ein leistungsstarkes Modul f\u00fcr anspruchsvolle Anwendungen oder eine kosteng\u00fcnstigere Option f\u00fcr Standardanwendungen suchen, wir haben die passende Technologie f\u00fcr Sie. All unsere Module laufen mit Niederspannung und sind f\u00fcr eine [&hellip;]<\/p>\n","protected":false},"author":1,"featured_media":0,"parent":0,"menu_order":0,"comment_status":"closed","ping_status":"closed","template":"","meta":{"_et_pb_use_builder":"on","_et_pb_old_content":"","_et_gb_content_width":"","footnotes":""},"class_list":["post-88","page","type-page","status-publish","hentry"],"_links":{"self":[{"href":"http:\/\/el-di.de\/en\/wp-json\/wp\/v2\/pages\/88","targetHints":{"allow":["GET"]}}],"collection":[{"href":"http:\/\/el-di.de\/en\/wp-json\/wp\/v2\/pages"}],"about":[{"href":"http:\/\/el-di.de\/en\/wp-json\/wp\/v2\/types\/page"}],"author":[{"embeddable":true,"href":"http:\/\/el-di.de\/en\/wp-json\/wp\/v2\/users\/1"}],"replies":[{"embeddable":true,"href":"http:\/\/el-di.de\/en\/wp-json\/wp\/v2\/comments?post=88"}],"version-history":[{"count":39,"href":"http:\/\/el-di.de\/en\/wp-json\/wp\/v2\/pages\/88\/revisions"}],"predecessor-version":[{"id":732,"href":"http:\/\/el-di.de\/en\/wp-json\/wp\/v2\/pages\/88\/revisions\/732"}],"wp:attachment":[{"href":"http:\/\/el-di.de\/en\/wp-json\/wp\/v2\/media?parent=88"}],"curies":[{"name":"wp","href":"https:\/\/api.w.org\/{rel}","templated":true}]}}