{"id":86,"date":"2019-02-11T16:53:58","date_gmt":"2019-02-11T15:53:58","guid":{"rendered":"http:\/\/el-di.de\/?page_id=86"},"modified":"2025-04-09T16:32:39","modified_gmt":"2025-04-09T14:32:39","slug":"anwendungsbereiche","status":"publish","type":"page","link":"http:\/\/el-di.de\/en\/anwendungsbereiche\/","title":{"rendered":"Applications"},"content":{"rendered":"<p>[et_pb_section fb_built=&#8220;1&#8243; _builder_version=&#8220;4.16&#8243; background_color=&#8220;rgba(255,255,255,0)&#8220; bottom_divider_color=&#8220;#054e89&#8243; global_colors_info=&#8220;{}&#8220;][et_pb_row _builder_version=&#8220;4.16&#8243; global_colors_info=&#8220;{}&#8220;][et_pb_column type=&#8220;4_4&#8243; _builder_version=&#8220;4.16&#8243; custom_padding=&#8220;|||&#8220; global_colors_info=&#8220;{}&#8220; custom_padding__hover=&#8220;|||&#8220;][et_pb_text _builder_version=&#8220;4.16&#8243; header_font=&#8220;Lato||||||||&#8220; header_text_color=&#8220;#054e89&#8243; background_color=&#8220;rgba(255,255,255,0)&#8220; custom_margin=&#8220;|||30px|false|false&#8220; global_colors_info=&#8220;{}&#8220;]<\/p>\n<h1>Anwendungsbereiche der\u00a0EL-DI-Zellen<\/h1>\n<p>[\/et_pb_text][\/et_pb_column][\/et_pb_row][et_pb_row column_structure=&#8220;3_5,2_5&#8243; module_class=&#8220; et_pb_row_fullwidth&#8220; _builder_version=&#8220;4.16&#8243; background_color=&#8220;#ffffff&#8220; width=&#8220;89%&#8220; width_tablet=&#8220;80%&#8220; width_phone=&#8220;&#8220; width_last_edited=&#8220;on|desktop&#8220; max_width=&#8220;89%&#8220; max_width_tablet=&#8220;80%&#8220; max_width_phone=&#8220;&#8220; max_width_last_edited=&#8220;on|desktop&#8220; module_alignment=&#8220;center&#8220; custom_margin=&#8220;|||30px&#8220; make_fullwidth=&#8220;on&#8220; custom_width_px=&#8220;1173px&#8220; global_colors_info=&#8220;{}&#8220;][et_pb_column type=&#8220;3_5&#8243; _builder_version=&#8220;4.16&#8243; custom_padding=&#8220;|||&#8220; global_colors_info=&#8220;{}&#8220; custom_padding__hover=&#8220;|||&#8220;][et_pb_text _builder_version=&#8220;4.16&#8243; custom_margin=&#8220;|||30px&#8220; hover_enabled=&#8220;0&#8243; global_colors_info=&#8220;{}&#8220; sticky_enabled=&#8220;0&#8243;]<\/p>\n<p>Die Einsatzm\u00f6glichkeiten der <strong>EL-DI-Zellen<\/strong> sind \u00e4u\u00dferst vielf\u00e4ltig. \u00dcberall dort, wo die Wasserqualit\u00e4t aus Umkehrosmose-Anlagen nicht ausreicht, k\u00f6nnen EDI-Module zur Verbesserung der Reinheit auf Typ II ASTM-Niveau integriert werden.<\/p>\n<p>Das von den <strong>EL-DI-Zellen<\/strong> produzierte Wasser ist ideal geeignet f\u00fcr:<\/p>\n<ul>\n<li>Klinische Analysen<\/li>\n<li>Klinische und sonstige Analysenautomaten<\/li>\n<li>Reinstwasseranlagen<\/li>\n<li>Wasserstoffproduktion<\/li>\n<li>Autoklaven<\/li>\n<li>Dampferzeuger<\/li>\n<li>Luftbefeuchter<\/li>\n<li>Sp\u00fclen von Glasgef\u00e4\u00dfen<\/li>\n<li>Puffer- und Medienvorbereitung<\/li>\n<li>Industrielle Sp\u00fclprozesse<\/li>\n<\/ul>\n<p><strong>Fragen und Bestellungen zu unseren Produkten nehmen wir gerne per Mail unter <\/strong><a href=\"mailto:info@el-di.de\"><strong>info@el-di.de<\/strong><\/a><strong> oder per Telefon unter +49 40 35703877 entgegen.<\/strong><\/p>\n<p>&nbsp;<\/p>\n<p>[\/et_pb_text][\/et_pb_column][et_pb_column type=&#8220;2_5&#8243; _builder_version=&#8220;4.16&#8243; background_color=&#8220;#ffffff&#8220; custom_padding=&#8220;|10px||&#8220; global_colors_info=&#8220;{}&#8220; custom_padding__hover=&#8220;|||&#8220;][et_pb_text _builder_version=&#8220;4.16&#8243; global_colors_info=&#8220;{}&#8220;]<\/p>\n<h3>Zum Vergr\u00f6\u00dfern bitte klicken.<\/h3>\n<p>[\/et_pb_text][et_pb_image src=&#8220;http:\/\/el-di.de\/wp-content\/uploads\/2020\/02\/RO-plus-neu.jpg&#8220; title_text=&#8220;RO-plus-neu&#8220; show_in_lightbox=&#8220;on&#8220; align_tablet=&#8220;center&#8220; align_phone=&#8220;&#8220; align_last_edited=&#8220;on|desktop&#8220; _builder_version=&#8220;4.16&#8243; custom_margin=&#8220;|30px||&#8220; box_shadow_style=&#8220;preset3&#8243; global_colors_info=&#8220;{}&#8220;][\/et_pb_image][et_pb_text _builder_version=&#8220;4.27.4&#8243; _module_preset=&#8220;default&#8220; hover_enabled=&#8220;0&#8243; sticky_enabled=&#8220;0&#8243;]<\/p>\n<p>Das abgebildete Flie\u00dfschema zeigt beispielhaft eine Integration der EL-DI-Zelle in einer Anlage. Typischerweise wird die EL-DI-Zelle nach einer Umkehrosmoseanlage eingesetzt.<\/p>\n<p>[\/et_pb_text][\/et_pb_column][\/et_pb_row][\/et_pb_section][et_pb_section fb_built=&#8220;1&#8243; _builder_version=&#8220;4.16&#8243; background_color=&#8220;rgba(255,255,255,0)&#8220; custom_margin=&#8220;-20px|||&#8220; bottom_divider_style=&#8220;wave&#8220; bottom_divider_color=&#8220;#054e89&#8243; global_colors_info=&#8220;{}&#8220;][\/et_pb_section]<\/p>\n","protected":false},"excerpt":{"rendered":"<p>Anwendungsbereiche der\u00a0EL-DI-ZellenDie Einsatzm\u00f6glichkeiten der EL-DI-Zellen sind \u00e4u\u00dferst vielf\u00e4ltig. \u00dcberall dort, wo die Wasserqualit\u00e4t aus Umkehrosmose-Anlagen nicht ausreicht, k\u00f6nnen EDI-Module zur Verbesserung der Reinheit auf Typ II ASTM-Niveau integriert werden. Das von den EL-DI-Zellen produzierte Wasser ist ideal geeignet f\u00fcr: Klinische Analysen Klinische und sonstige Analysenautomaten Reinstwasseranlagen Wasserstoffproduktion Autoklaven Dampferzeuger Luftbefeuchter Sp\u00fclen von Glasgef\u00e4\u00dfen Puffer- und [&hellip;]<\/p>\n","protected":false},"author":1,"featured_media":0,"parent":0,"menu_order":0,"comment_status":"closed","ping_status":"closed","template":"","meta":{"_et_pb_use_builder":"on","_et_pb_old_content":"","_et_gb_content_width":"","footnotes":""},"class_list":["post-86","page","type-page","status-publish","hentry"],"_links":{"self":[{"href":"http:\/\/el-di.de\/en\/wp-json\/wp\/v2\/pages\/86","targetHints":{"allow":["GET"]}}],"collection":[{"href":"http:\/\/el-di.de\/en\/wp-json\/wp\/v2\/pages"}],"about":[{"href":"http:\/\/el-di.de\/en\/wp-json\/wp\/v2\/types\/page"}],"author":[{"embeddable":true,"href":"http:\/\/el-di.de\/en\/wp-json\/wp\/v2\/users\/1"}],"replies":[{"embeddable":true,"href":"http:\/\/el-di.de\/en\/wp-json\/wp\/v2\/comments?post=86"}],"version-history":[{"count":13,"href":"http:\/\/el-di.de\/en\/wp-json\/wp\/v2\/pages\/86\/revisions"}],"predecessor-version":[{"id":724,"href":"http:\/\/el-di.de\/en\/wp-json\/wp\/v2\/pages\/86\/revisions\/724"}],"wp:attachment":[{"href":"http:\/\/el-di.de\/en\/wp-json\/wp\/v2\/media?parent=86"}],"curies":[{"name":"wp","href":"https:\/\/api.w.org\/{rel}","templated":true}]}}