{"id":81,"date":"2019-02-11T16:52:58","date_gmt":"2019-02-11T15:52:58","guid":{"rendered":"http:\/\/el-di.de\/?page_id=81"},"modified":"2025-04-09T18:01:29","modified_gmt":"2025-04-09T16:01:29","slug":"mb-serie","status":"publish","type":"page","link":"http:\/\/el-di.de\/en\/mb-serie\/","title":{"rendered":"mb-Serie"},"content":{"rendered":"<p>[et_pb_section fb_built=&#8220;1&#8243; _builder_version=&#8220;4.16&#8243; background_color=&#8220;rgba(255,255,255,0)&#8220; bottom_divider_color=&#8220;#054e89&#8243; global_colors_info=&#8220;{}&#8220;][et_pb_row _builder_version=&#8220;4.16&#8243; min_height=&#8220;80px&#8220; custom_padding=&#8220;||1px|||&#8220; global_colors_info=&#8220;{}&#8220;][et_pb_column type=&#8220;4_4&#8243; _builder_version=&#8220;4.16&#8243; custom_padding=&#8220;|||&#8220; global_colors_info=&#8220;{}&#8220; custom_padding__hover=&#8220;|||&#8220;][et_pb_text _builder_version=&#8220;4.27.4&#8243; header_font=&#8220;Arial||||||||&#8220; header_text_color=&#8220;#054e89&#8243; background_color=&#8220;rgba(255,255,255,0)&#8220; min_height=&#8220;49px&#8220; custom_margin=&#8220;||4px|30px|false|false&#8220; custom_padding=&#8220;||0px|||&#8220; global_colors_info=&#8220;{}&#8220;]<\/p>\n<h1>Modelle der MB-Serie<\/h1>\n<p>[\/et_pb_text][\/et_pb_column][\/et_pb_row][et_pb_row column_structure=&#8220;3_5,2_5&#8243; module_class=&#8220; et_pb_row_fullwidth&#8220; _builder_version=&#8220;4.16&#8243; background_color=&#8220;#ffffff&#8220; width=&#8220;89%&#8220; width_tablet=&#8220;80%&#8220; width_phone=&#8220;&#8220; width_last_edited=&#8220;on|desktop&#8220; max_width=&#8220;89%&#8220; max_width_tablet=&#8220;80%&#8220; max_width_phone=&#8220;&#8220; max_width_last_edited=&#8220;on|desktop&#8220; module_alignment=&#8220;center&#8220; min_height=&#8220;671px&#8220; custom_margin=&#8220;-2px|auto||30px||&#8220; custom_padding=&#8220;3px|1px|26px|||&#8220; make_fullwidth=&#8220;on&#8220; custom_width_px=&#8220;1173px&#8220; global_colors_info=&#8220;{}&#8220;][et_pb_column type=&#8220;3_5&#8243; _builder_version=&#8220;4.16&#8243; custom_padding=&#8220;|||&#8220; global_colors_info=&#8220;{}&#8220; custom_padding__hover=&#8220;|||&#8220;][et_pb_text _builder_version=&#8220;4.27.4&#8243; header_font=&#8220;Arial||||||||&#8220; header_text_color=&#8220;#054e89&#8243; header_2_font=&#8220;Lato||||||||&#8220; header_2_text_color=&#8220;#054e89&#8243; background_color=&#8220;rgba(255,255,255,0)&#8220; min_height=&#8220;317.3px&#8220; custom_margin=&#8220;2px|-396px|39px|30px|false|false&#8220; custom_padding=&#8220;0px||42px|12px||&#8220; global_colors_info=&#8220;{}&#8220;]<\/p>\n<h2><\/h2>\n<h2><\/h2>\n<p><strong>EL-DI MB-Serie \u2013 Kosteng\u00fcnstige L\u00f6sung f\u00fcr Standardanwendungen<\/strong><br \/>Die MB-Serie stellt eine preisg\u00fcnstigere Alternative dar und bietet gleichzeitig exzellente Qualit\u00e4t f\u00fcr Standardanwendungen unter typischen Wasserbedingungen. Erh\u00e4ltlich ist die MB-Serie mit Nennleistungen von 10 &#8211; 75 L\/h.<\/p>\n<p>&nbsp;<\/p>\n<ul>\n<li><strong>Wirtschaftlichkeit:<\/strong> Hochwertige Module zu einem attraktiven Preis, ideal f\u00fcr Systeme mit \u00fcblichen Anforderungen.<\/li>\n<li><strong>Zuverl\u00e4ssige Leistung:<\/strong> Diese Zellen sorgen f\u00fcr eine konstante Wasserqualit\u00e4t und sind somit perfekt f\u00fcr g\u00e4ngige Anwendungen geeignet.<\/li>\n<li><strong>Sicherheit:<\/strong> Wie auch die <strong>HD-Serie<\/strong> arbeitet die <strong>MB-Serie<\/strong> mit Niederspannung, sodass keine zus\u00e4tzlichen Sicherheitsvorkehrungen erforderlich sind.<\/li>\n<li><strong>Einfache Handhabung:<\/strong> Auch hier sind weder Elektrodensp\u00fclungen, Zirkulationspumpen noch in vielen F\u00e4llen eine pH-Anhebung n\u00f6tig.<\/li>\n<\/ul>\n<h2><\/h2>\n<p>[\/et_pb_text][et_pb_image src=&#8220;https:\/\/el-di.de\/wp-content\/uploads\/2025\/02\/MB-10-75_3698.jpg&#8220; title_text=&#8220;MB-10-75_3698&#8243; show_in_lightbox=&#8220;on&#8220; align_tablet=&#8220;center&#8220; align_phone=&#8220;&#8220; align_last_edited=&#8220;on|desktop&#8220; _builder_version=&#8220;4.27.4&#8243; width=&#8220;82.6%&#8220; min_height=&#8220;61.6px&#8220; custom_margin=&#8220;6px|6px|-31px|504px|false|false&#8220; custom_padding=&#8220;|||93px||&#8220; box_shadow_style=&#8220;preset2&#8243; box_shadow_horizontal=&#8220;3px&#8220; box_shadow_vertical=&#8220;3px&#8220; box_shadow_blur=&#8220;9px&#8220; global_colors_info=&#8220;{}&#8220;][\/et_pb_image][et_pb_image src=&#8220;https:\/\/el-di.de\/wp-content\/uploads\/2025\/03\/Image-03_25-Tab1.jpg&#8220; title_text=&#8220;Image-03_25-Tab1&#8243; show_in_lightbox=&#8220;on&#8220; align_tablet=&#8220;center&#8220; align_phone=&#8220;&#8220; align_last_edited=&#8220;on|desktop&#8220; _builder_version=&#8220;4.27.4&#8243; custom_margin=&#8220;-253px|||7px|false|false&#8220; custom_padding=&#8220;|||21px||&#8220; global_colors_info=&#8220;{}&#8220;][\/et_pb_image][\/et_pb_column][et_pb_column type=&#8220;2_5&#8243; _builder_version=&#8220;4.16&#8243; background_color=&#8220;#ffffff&#8220; custom_padding=&#8220;|10px||&#8220; global_colors_info=&#8220;{}&#8220; custom_padding__hover=&#8220;|||&#8220;][\/et_pb_column][\/et_pb_row][\/et_pb_section][et_pb_section fb_built=&#8220;1&#8243; _builder_version=&#8220;4.16&#8243; background_color=&#8220;rgba(255,255,255,0)&#8220; custom_margin=&#8220;-20px|||&#8220; bottom_divider_style=&#8220;wave&#8220; bottom_divider_color=&#8220;#054e89&#8243; global_colors_info=&#8220;{}&#8220;][\/et_pb_section]<\/p>\n","protected":false},"excerpt":{"rendered":"<p>Modelle der MB-Serie EL-DI MB-Serie \u2013 Kosteng\u00fcnstige L\u00f6sung f\u00fcr StandardanwendungenDie MB-Serie stellt eine preisg\u00fcnstigere Alternative dar und bietet gleichzeitig exzellente Qualit\u00e4t f\u00fcr Standardanwendungen unter typischen Wasserbedingungen. Erh\u00e4ltlich ist die MB-Serie mit Nennleistungen von 10 &#8211; 75 L\/h. &nbsp; Wirtschaftlichkeit: Hochwertige Module zu einem attraktiven Preis, ideal f\u00fcr Systeme mit \u00fcblichen Anforderungen. Zuverl\u00e4ssige Leistung: Diese Zellen [&hellip;]<\/p>\n","protected":false},"author":1,"featured_media":0,"parent":0,"menu_order":0,"comment_status":"closed","ping_status":"closed","template":"","meta":{"_et_pb_use_builder":"on","_et_pb_old_content":"","_et_gb_content_width":"","footnotes":""},"class_list":["post-81","page","type-page","status-publish","hentry"],"_links":{"self":[{"href":"http:\/\/el-di.de\/en\/wp-json\/wp\/v2\/pages\/81","targetHints":{"allow":["GET"]}}],"collection":[{"href":"http:\/\/el-di.de\/en\/wp-json\/wp\/v2\/pages"}],"about":[{"href":"http:\/\/el-di.de\/en\/wp-json\/wp\/v2\/types\/page"}],"author":[{"embeddable":true,"href":"http:\/\/el-di.de\/en\/wp-json\/wp\/v2\/users\/1"}],"replies":[{"embeddable":true,"href":"http:\/\/el-di.de\/en\/wp-json\/wp\/v2\/comments?post=81"}],"version-history":[{"count":36,"href":"http:\/\/el-di.de\/en\/wp-json\/wp\/v2\/pages\/81\/revisions"}],"predecessor-version":[{"id":741,"href":"http:\/\/el-di.de\/en\/wp-json\/wp\/v2\/pages\/81\/revisions\/741"}],"wp:attachment":[{"href":"http:\/\/el-di.de\/en\/wp-json\/wp\/v2\/media?parent=81"}],"curies":[{"name":"wp","href":"https:\/\/api.w.org\/{rel}","templated":true}]}}