{"id":77,"date":"2019-02-11T16:51:59","date_gmt":"2019-02-11T15:51:59","guid":{"rendered":"http:\/\/el-di.de\/?page_id=77"},"modified":"2022-09-21T16:51:41","modified_gmt":"2022-09-21T14:51:41","slug":"datenschutz","status":"publish","type":"page","link":"http:\/\/el-di.de\/en\/datenschutz\/","title":{"rendered":"Data Protection"},"content":{"rendered":"<p>[et_pb_section fb_built=&#8220;1&#8243; _builder_version=&#8220;4.16&#8243; background_color=&#8220;rgba(255,255,255,0)&#8220; bottom_divider_color=&#8220;#054e89&#8243; global_colors_info=&#8220;{}&#8220;][et_pb_row _builder_version=&#8220;4.16&#8243; global_colors_info=&#8220;{}&#8220;][et_pb_column type=&#8220;4_4&#8243; _builder_version=&#8220;4.16&#8243; custom_padding=&#8220;|||&#8220; global_colors_info=&#8220;{}&#8220; custom_padding__hover=&#8220;|||&#8220;][et_pb_text _builder_version=&#8220;4.18.0&#8243; header_font=&#8220;Lato||||||||&#8220; header_text_color=&#8220;#054e89&#8243; background_color=&#8220;rgba(255,255,255,0)&#8220; custom_margin=&#8220;|||30px|false|false&#8220; hover_enabled=&#8220;0&#8243; global_colors_info=&#8220;{}&#8220; text_font=&#8220;roboto-condensed||||||||&#8220; sticky_enabled=&#8220;0&#8243;]<\/p>\n<h1>Datenschutz<\/h1>\n<p>[\/et_pb_text][\/et_pb_column][\/et_pb_row][et_pb_row column_structure=&#8220;3_4,1_4&#8243; module_class=&#8220; et_pb_row_fullwidth&#8220; _builder_version=&#8220;4.16&#8243; background_color=&#8220;#ffffff&#8220; width=&#8220;89%&#8220; width_tablet=&#8220;80%&#8220; width_phone=&#8220;&#8220; width_last_edited=&#8220;on|desktop&#8220; max_width=&#8220;89%&#8220; max_width_tablet=&#8220;80%&#8220; max_width_phone=&#8220;&#8220; max_width_last_edited=&#8220;on|desktop&#8220; module_alignment=&#8220;center&#8220; custom_margin=&#8220;|||30px|false|false&#8220; make_fullwidth=&#8220;on&#8220; custom_width_px=&#8220;1173px&#8220; global_colors_info=&#8220;{}&#8220;][et_pb_column type=&#8220;3_4&#8243; _builder_version=&#8220;4.16&#8243; custom_padding=&#8220;|||&#8220; global_colors_info=&#8220;{}&#8220; custom_padding__hover=&#8220;|||&#8220;][et_pb_text _builder_version=&#8220;4.16&#8243; header_text_align=&#8220;left&#8220; width=&#8220;100%&#8220; custom_margin=&#8220;|||30px|false|false&#8220; custom_padding=&#8220;||||false|false&#8220; global_colors_info=&#8220;{}&#8220;]<\/p>\n<div>\n<p>Diese Seite soll Ihnen einen \u00dcberblick zum Datenmodell und den datenschutzrechtlich relevanten Fragen geben. Falls Fragen offen bleiben sollten, k\u00f6nnen Sie sich jederzeit an uns wenden.<\/p>\n<p>Hinweise zum Datenschutz:<br \/> Der Schutz Ihrer Privatsph\u00e4re ist Ihnen verst\u00e4ndlicherweise wichtig.<\/p>\n<p>Wir nehmen den Schutz Ihrer pers\u00f6nlichen Daten sehr ernst und halten uns selbstverst\u00e4ndlich an die Bestimmungen des deutschen Datenschutzrechts. Die nachfolgende Erkl\u00e4rung gibt Ihnen einen \u00dcberblick dar\u00fcber, wie dieser Schutz gew\u00e4hrleistet wird und welche Art von Daten zu welchem Zweck erhoben werden.<\/p>\n<\/div>\n<div>\n<hr \/>\n<h2>Datenschutzerkl\u00e4rung:<\/h2>\n<h3>Geltungsbereich:<\/h3>\n<p>Diese Datenschutzerkl\u00e4rung kl\u00e4rt Sie als Nutzer bzw. Besucher \u00fcber die Art, den Umfang und Zweck der Erhebung und Verwendung personenbezogener Daten durch den verantwortlichen Anbieter<\/p>\n<h3>EL-DI GmbH<\/h3>\n<div>Uferstra\u00dfe 25 \u00b7\u00a0D-22113 Oststeinbek \u00b7 Telefon: +49 40 35 70 38 77<br \/> Fax: +49 40 35 70 38 76 \u00b7\u00a0Mail: <a href=\"mailto:info@el-di.de\">info(at)el-di.de<\/a>\u00a0\u00b7\u00a0Internet: el-di.de<br \/> Gesch\u00e4ftsf\u00fchrer: Dietmar Steudten<br \/> Finanzamt: Stormarn \u00b7 USt-IdNr.:\u00a0DE319615382<br \/> Handelsregister-Nr.: HRB 17996 HL<\/div>\n<div>auf dieser Internetseite \u2013 im folgenden \u201cOnline-Angebot\u201d- auf. Die rechtlichen Grundlagen des Datenschutzes finden sich im Bundesdatenschutzgesetz (BDSG) und dem Telemediengesetz (TMG).<\/div>\n<hr \/>\n<h3>Zugriffsdaten \/ Server-Logfiles:<\/h3>\n<p>Der Anbieter (beziehungsweise sein Webspace-Provider) erhebt Daten \u00fcber jeden Zugriff auf das Online-Angebot (so genannte Server-Logfiles). Zu den Zugriffsdaten geh\u00f6ren:<\/p>\n<ul>\n<li>Name der abgerufenen Webseite<\/li>\n<li>Datei<\/li>\n<li>Datum und Uhrzeit des Abrufs<\/li>\n<li>\u00fcbertragene Datenmenge<\/li>\n<li>Meldung \u00fcber erfolgreichen Abruf<\/li>\n<li>Browsertyp nebst Version<\/li>\n<li>das Betriebssystem des Nutzers, Referrer URL (die zuvor besuchte Seite)<\/li>\n<li>IP-Adresse und der anfragende Provider<\/li>\n<\/ul>\n<p>Der Anbieter verwendet die Protokolldaten nur f\u00fcr statistische Auswertungen zum Zweck des Betriebs, der Sicherheit und der Optimierung des Online-Angebotes. Der Anbieter beh\u00e4lt sich jedoch vor, die Protokolldaten nachtr\u00e4glich zu \u00fcberpr\u00fcfen, wenn aufgrund konkreter Anhaltspunkte der berechtigte Verdacht einer rechtswidrigen Nutzung besteht.<\/p>\n<hr \/>\n<h3>Umgang mit personenbezogenen Daten:<\/h3>\n<p>Unter personenbezogenen Daten versteht man Informationen \u00fcber Ihre Identit\u00e4t, wie beispielsweise Ihren Namen, Ihre Anschrift, Ihre E-Mail-Adresse oder Ihre Telefonnummer. Also Angaben, die auf Sie als Person zur\u00fcckverfolgt werden k\u00f6nnen. Aber auch Daten \u00fcber Vorlieben, Hobbies, Mitgliedschaften oder welche Webseiten von jemandem besucht wurden, z\u00e4hlen zu personenbezogenen Daten.<\/p>\n<p>Eine Erhebung, Verarbeitung, Weitergabe oder Nutzung solcher personenbezogener Daten erfolgt nur, wenn dies gesetzlich erlaubt ist und\/oder Sie uns Ihre Daten durch Eingabe in die Formulare des Online-Angebotes freiwillig zur Verf\u00fcgung stellen und in die Datenerhebung einwilligen oder \u00fcber die freiwillige Zusendung einer E-Mail.<\/p>\n<p>Sie entscheiden also selbst dar\u00fcber, ob Sie uns Ihre personenbezogenen Daten mitteilen wollen. Personenbezogene Daten, die Sie \u00fcber das Online-Angebot oder per E-Mail mitgeteilt haben, speichert der Anbieter nur solange, bis der Zweck erf\u00fcllt ist, zu dem Sie dem Anbieter Ihre Daten anvertraut haben. Selbstverst\u00e4ndlich wird der Anbieter auf Ihren Wunsch hin auch eine \u00c4nderung oder L\u00f6schung Ihrer personenbezogenen Daten vornehmen. Der Anbieter wird Ihre Daten nicht an Dritte ver\u00e4u\u00dfern oder anderweitig vermarkten!<\/p>\n<hr \/>\n<h3>Kontaktaufnahme:<\/h3>\n<p>Bei der Kontaktaufnahme mit dem Anbieter (zum Beispiel per Kontaktformular, sonstigen Formularen oder via E-Mail) werden die Angaben des Nutzers zwecks Bearbeitung der Anfrage sowie f\u00fcr den Fall, dass Anschlussfragen entstehen, gespeichert.<\/p>\n<hr \/>\n<h3>Einbindung von Diensten und Inhalten Dritter:<\/h3>\n<p>Das Online-Angebot des Anbieters beinhaltet unter Umst\u00e4nden eingebundene Inhalte Dritter, wie zum Beispiel Videos von YouTube, Kartenmaterial von Google-Maps, RSS-Feeds oder Grafiken von anderen Online-Angeboten bzw. Links zu anderen Online-Angeboten. Dies setzt immer voraus, dass die Anbieter dieser Inhalte (nachfolgend als \u201cDritt-Anbieter\u201d bezeichnet) die IP-Adresse der Nutzer wahrnehmen. Ohne die IP-Adresse k\u00f6nnten diese Dritt-Anbieter die Inhalte nicht an den Browser des jeweiligen Nutzers senden. Die IP-Adresse ist damit f\u00fcr die Darstellung dieser Inhalte erforderlich. Der Anbieter bem\u00fcht sich nur solche Inhalte zu verwenden, deren jeweilige Anbieter die IP-Adresse lediglich zur Auslieferung der Inhalte verwenden. Jedoch hat der Anbieter keinen Einfluss darauf, falls die Dritt-Anbieter die IP-Adresse z.B. f\u00fcr statistische Zwecke speichern. Soweit dies uns bekannt ist, kl\u00e4rt der Anbieter die Nutzer dar\u00fcber auf.<\/p>\n<hr \/>\n<h3>Cookies:<\/h3>\n<p>Der Anbieter verwendet auf diesem Online-Angebot sogenannte Cookies, um das Online-Angebot nutzerfreundlicher, effektiver und sicherer zu machen. Cookies sind kleine Dateien, die es erm\u00f6glichen, auf dem Zugriffsger\u00e4t der Nutzer (Computer, Smartphone, Tablet, o.\u00e4.) spezifische, auf das Ger\u00e4t bezogene Informationen zu speichern. Sie dienen zum einem der Benutzerfreundlichkeit von Online-Angeboten und damit den Nutzern (z.B. \u00fcber Speicherung von Login-Daten). Zum anderen dienen sie, um die statistischen Daten der Nutzung des Online-Angebotes zu erfassen und sie zwecks Verbesserung des Online-Angebotes analysieren zu k\u00f6nnen. Als Nutzer k\u00f6nnen Sie auf den Einsatz der Cookies Einfluss nehmen. Die meisten Browser verf\u00fcgen \u00fcber eine Option mit der das Speichern von Cookies eingeschr\u00e4nkt oder komplett verhindert wird. Allerdings weisen wir darauf hin, dass die Nutzung und insbesondere der Nutzungskomfort ohne Cookies eingeschr\u00e4nkt wird.<\/p>\n<p>Sie k\u00f6nnen viele Online-Anzeigen-Cookies von Unternehmen \u00fcber die US-amerikanische Seite<a href=\"https:\/\/www.aboutads.info\/choices\/\" rel=\"nofollow\">https:\/\/www.aboutads.info\/choices\/<\/a>\u00a0oder die EU-Seite\u00a0<a href=\"https:\/\/www.youronlinechoices.com\/de\/praferenzmanagement\/\" rel=\"nofollow\">https:\/\/www.youronlinechoices.com\/de\/praferenzmanagement\/<\/a>verwalten.<\/p>\n<hr \/>\n<h3>Google Analytics:<\/h3>\n<p>Dieses Online-Angebot benutzt Google Analytics, einen Webanalysedienst der Google Inc. (\u201eGoogle\u201c). Google Analytics verwendet sogenannte \u201eCookies\u201c, Textdateien, die auf Computer der Nutzer gespeichert werden und die eine Analyse der Benutzung der Website durch sie erm\u00f6glichen. Die durch den Cookie erzeugten Informationen \u00fcber Benutzung dieser Website durch die Nutzer werden in der Regel an einen Server von Google in den USA \u00fcbertragen und dort gespeichert.<\/p>\n<p>Im Falle der Aktivierung der IP-Anonymisierung auf dieser Webseite, wird die IP-Adresse der Nutzer von Google jedoch innerhalb von Mitgliedstaaten der Europ\u00e4ischen Union oder in anderen Vertragsstaaten des Abkommens \u00fcber den Europ\u00e4ischen Wirtschaftsraum zuvor gek\u00fcrzt. Nur in Ausnahmef\u00e4llen wird die volle IP-Adresse an einen Server von Google in den USA \u00fcbertragen und dort gek\u00fcrzt. Die IP-Anonymisierung ist auf dieser Website aktiv. Im Auftrag des Betreibers dieser Website wird Google diese Informationen benutzen, um die Nutzung der Website durch die Nutzer auszuwerten, um Reports \u00fcber die Websiteaktivit\u00e4ten zusammenzustellen und um weitere mit der Websitenutzung und der Internetnutzung verbundene Dienstleistungen gegen\u00fcber dem Websitebetreiber zu erbringen.<\/p>\n<p>Die im Rahmen von Google Analytics von Ihrem Browser \u00fcbermittelte IP-Adresse wird nicht mit anderen Daten von Google zusammengef\u00fchrt. Die Nutzer k\u00f6nnen die Speicherung der Cookies durch eine entsprechende Einstellung Ihrer Browser-Software verhindern; Dieses Angebot weist die Nutzer jedoch darauf hin, dass Sie in diesem Fall gegebenenfalls nicht s\u00e4mtliche Funktionen dieser Website vollumf\u00e4nglich werden nutzen k\u00f6nnen. Die Nutzer k\u00f6nnen dar\u00fcber hinaus die Erfassung der durch das Cookie erzeugten und auf ihre Nutzung der Website bezogenen Daten (inkl. Ihrer IP-Adresse) an Google sowie die Verarbeitung dieser Daten durch Google verhindern, indem sie das unter dem folgenden Link verf\u00fcgbare Browser-Plugin herunterladen und installieren:<a href=\"https:\/\/tools.google.com\/dlpage\/gaoptout?hl=de\" rel=\"nofollow\">https:\/\/tools.google.com\/dlpage\/gaoptout?hl=de<\/a>.<\/p>\n<p>N\u00e4here Informationen zu Nutzungsbedingungen und Datenschutz finden Sie unter\u00a0<a href=\"https:\/\/www.google.com\/analytics\/terms\/de.html\" rel=\"nofollow\">https:\/\/www.google.com\/analytics\/terms\/de.html<\/a>\u00a0bzw.\u00a0<a href=\"https:\/\/www.google.com\/intl\/de\/analytics\/learn\/privacy.html\" rel=\"nofollow\">https:\/\/www.google.com\/intl\/de\/analytics\/learn\/privacy.html<\/a>.<\/p>\n<p>Wir weisen Sie darauf\u00a0hin, dass auf diesem Online-Angebot Google Analytics um den Code \u201cgat._anonymizeIp();\u201d erweitert wurde, um eine anonymisierte Erfassung von IP-Adressen (sog. IP-Masking) zu gew\u00e4hrleisten.<\/p>\n<hr \/>\n<h3>Verwendung von Google AdSense<\/h3>\n<p>Dieses Online-Angebot benutzt unter Umst\u00e4nden Google AdSense, einen Dienst zum Einbinden von Werbeanzeigen der Google Inc. (\u201cGoogle\u201d). Google AdSense verwendet sog. Cookies, Textdateien, die auf dem Computer der Nutzer gespeichert werden und die eine Analyse der Benutzung der Website erm\u00f6glicht. Google AdSense verwendet auch so genannte Web Beacons. Durch diese Web Beacons k\u00f6nnen Informationen wie der Besucherverkehr auf den Seiten dieses Angebots ausgewertet werden.<\/p>\n<p>Die durch Cookies und Web Beacons erzeugten Informationen \u00fcber die Benutzung dieses Online-Angebotes (einschlie\u00dflich der IP-Adresse der Nutzer) und Auslieferung von Werbeformaten werden an einen Server von Google in den USA \u00fcbertragen und dort gespeichert. Diese Informationen k\u00f6nnen von Google an Vertragspartner von Google weiter gegeben werden. Google wird Ihre IP-Adresse jedoch nicht mit anderen von Ihnen gespeicherten Daten zusammenf\u00fchren.<\/p>\n<p>Sie k\u00f6nnen die Verwendung von Cookies durch Google f\u00fcr diese Zwecke deaktivieren, indem Sie die Seite zur Deaktivierung von Google-Werbung aufrufen. Alternativ k\u00f6nnen Nutzer die Verwendung von Cookies von Drittanbietern deaktivieren, indem sie die Deaktivierungsseite der Netzwerkwerbeinitiative aufrufen.<\/p>\n<p>Als Nutzer k\u00f6nnen Sie zudem die Installation der Cookies durch eine entsprechende Einstellung Ihrer Browser Software verhindern; der Anbieter weist die Nutzer jedoch darauf hin, dass sie in diesem Fall gegebenenfalls nicht s\u00e4mtliche Funktionen dieses Online-Angebotes voll umf\u00e4nglich nutzen k\u00f6nnen.<\/p>\n<p>Durch die Nutzung dieses Online-Angebotes erkl\u00e4ren die Nutzer sich mit der Bearbeitung der \u00fcber sie erhobenen Daten durch Google in der zuvor beschriebenen Art und Weise und zu dem zuvor benannten Zweck einverstanden. Der Anbieter \u00fcbernimmt keine Verantwortung oder Haftung f\u00fcr diese Richtlinien und Verfahren. Bitte informieren Sie sich vor der Nutzung unseres Online-Angebotes \u00fcber die Datenschutzbestimmungen von Google.<\/p>\n<hr \/>\n<h2>Widerruf, \u00c4nderungen, Berichtigungen und Aktualisierungen<\/h2>\n<p>Als Nutzer haben Sie jederzeit das Recht, auf Antrag unentgeltlich Auskunft zu erhalten \u00fcber die personenbezogenen Daten, die \u00fcber Sie gespeichert wurden.<\/p>\n<p>Zus\u00e4tzlich haben Sie als Nutzer das Recht auf Berichtigung unrichtiger Daten, Sperrung und L\u00f6schung Ihrer personenbezogenen Daten, soweit dem keine gesetzliche Aufbewahrungspflicht entgegensteht.<\/p>\n<p>Soweit diese Datenschutzerkl\u00e4rungen nicht s\u00e4mtliche Fragen beantworten konnte oder wenn Sie zu einem Punkt vertiefte Informationen w\u00fcnschen, so k\u00f6nnen Sie sich jederzeit gerne an uns wenden.<\/p>\n<p>Bitte wenden Sie sich hierf\u00fcr per Briefpost oder per E-Mail an:<\/p>\n<h3>EL-DI GmbH<\/h3>\n<div>Uferstra\u00dfe 25 \u00b7\u00a0D-22113 Oststeinbek \u00b7 Telefon: +49 40 35 70 38 77<br \/> Fax: +49 40 35 70 38 76 \u00b7\u00a0Mail: <a href=\"mailto:info@el-di.de\">info(at)el-di.de<\/a>\u00a0\u00b7\u00a0Internet: el-di.de<br \/> Gesch\u00e4ftsf\u00fchrer: Dietmar Steudten<\/div>\n<div><\/div>\n<div><\/div>\n<div><\/div>\n<div><\/div>\n<div><\/div>\n<div><\/div>\n<div>\n<hr \/>\n<h2>Schutz Ihrer Daten:<\/h2>\n<p>Die am 25. Mai 2018 in Kraft getretene EU-Datenschutzgrundverordnung gibt uns den Anlass, Sie dar\u00fcber in Kenntnis zu setzen, dass in unserem Hause, Daten \u00fcber Ihre Person bzw. Ihr Unternehmen gespeichert und vorgehalten werden.<\/p>\n<p>Dies betrifft vorwiegend unternehmensspezifische Daten wie Anschriften, Telefonnummern, Ansprechpartner, Steuernummern, artikelspezifische Daten, sowie die Daten \u00fcber unseren Gesch\u00e4ftsprozess (Angebote, Lieferscheine, Rechnungen etc.)Wir machen darauf aufmerksam, dass diese Daten in unserem Hause ausschlie\u00dflich zum Zwecke der Gesch\u00e4ftsabwicklung verwendet und vorgehalten werden.<\/p>\n<p>Die Daten werden weder f\u00fcr andere Zwecke verwendet, noch Anderen zum Zwecke anderer Verwendung zug\u00e4nglich gemacht. Die Daten sind bei uns vor fremdem und unbefugten Zugriff gesch\u00fctzt.Wir weisen ebenso darauf hin, dass wir auch in Zukunft entstehende Daten, der oben genannten Art, weiterhin speichern werden, da dies zur Abwicklung unseres Gesch\u00e4ftsablaufes notwendig ist.<\/p>\n<p>Sollten Sie damit nicht einverstanden sein, so richten Sie Ihre Bedenken bitte per E-Mail an Herrn Dietmar Steudten, E-Mail: <a href=\"mailto:info@el-di.de\">info(at)el-di.de<\/a>. Wir weisen darauf hin, dass wir aus Gr\u00fcnden einer l\u00fcckenlosen und z\u00fcgigen Bearbeitung lediglich schriftliche Einw\u00e4nde an o.g. E-Mail Account bearbeiten k\u00f6nnen und werden.<\/p>\n<\/div>\n<\/div>\n<p>[\/et_pb_text][\/et_pb_column][et_pb_column type=&#8220;1_4&#8243; _builder_version=&#8220;4.16&#8243; background_color=&#8220;#ffffff&#8220; custom_padding=&#8220;||||false|false&#8220; global_colors_info=&#8220;{}&#8220; custom_padding__hover=&#8220;|||&#8220;][\/et_pb_column][\/et_pb_row][\/et_pb_section][et_pb_section fb_built=&#8220;1&#8243; _builder_version=&#8220;4.16&#8243; background_color=&#8220;rgba(255,255,255,0)&#8220; custom_margin=&#8220;-20px|||&#8220; bottom_divider_style=&#8220;wave&#8220; bottom_divider_color=&#8220;#054e89&#8243; global_colors_info=&#8220;{}&#8220;][\/et_pb_section]<\/p>\n","protected":false},"excerpt":{"rendered":"<p>Datenschutz Diese Seite soll Ihnen einen \u00dcberblick zum Datenmodell und den datenschutzrechtlich relevanten Fragen geben. Falls Fragen offen bleiben sollten, k\u00f6nnen Sie sich jederzeit an uns wenden. Hinweise zum Datenschutz: Der Schutz Ihrer Privatsph\u00e4re ist Ihnen verst\u00e4ndlicherweise wichtig. Wir nehmen den Schutz Ihrer pers\u00f6nlichen Daten sehr ernst und halten uns selbstverst\u00e4ndlich an die Bestimmungen des [&hellip;]<\/p>\n","protected":false},"author":1,"featured_media":0,"parent":0,"menu_order":0,"comment_status":"closed","ping_status":"closed","template":"","meta":{"_et_pb_use_builder":"on","_et_pb_old_content":"","_et_gb_content_width":"","footnotes":""},"class_list":["post-77","page","type-page","status-publish","hentry"],"_links":{"self":[{"href":"http:\/\/el-di.de\/en\/wp-json\/wp\/v2\/pages\/77","targetHints":{"allow":["GET"]}}],"collection":[{"href":"http:\/\/el-di.de\/en\/wp-json\/wp\/v2\/pages"}],"about":[{"href":"http:\/\/el-di.de\/en\/wp-json\/wp\/v2\/types\/page"}],"author":[{"embeddable":true,"href":"http:\/\/el-di.de\/en\/wp-json\/wp\/v2\/users\/1"}],"replies":[{"embeddable":true,"href":"http:\/\/el-di.de\/en\/wp-json\/wp\/v2\/comments?post=77"}],"version-history":[{"count":17,"href":"http:\/\/el-di.de\/en\/wp-json\/wp\/v2\/pages\/77\/revisions"}],"predecessor-version":[{"id":524,"href":"http:\/\/el-di.de\/en\/wp-json\/wp\/v2\/pages\/77\/revisions\/524"}],"wp:attachment":[{"href":"http:\/\/el-di.de\/en\/wp-json\/wp\/v2\/media?parent=77"}],"curies":[{"name":"wp","href":"https:\/\/api.w.org\/{rel}","templated":true}]}}