{"id":75,"date":"2019-02-11T16:51:39","date_gmt":"2019-02-11T15:51:39","guid":{"rendered":"http:\/\/el-di.de\/?page_id=75"},"modified":"2020-03-20T18:36:13","modified_gmt":"2020-03-20T17:36:13","slug":"kontakt","status":"publish","type":"page","link":"http:\/\/el-di.de\/en\/kontakt\/","title":{"rendered":"Contact"},"content":{"rendered":"<p>[et_pb_section fb_built=&#8220;1&#8243; _builder_version=&#8220;3.22&#8243; background_color=&#8220;rgba(255,255,255,0)&#8220; bottom_divider_color=&#8220;#054e89&#8243;][et_pb_row _builder_version=&#8220;3.25&#8243;][et_pb_column type=&#8220;4_4&#8243; _builder_version=&#8220;3.25&#8243; custom_padding=&#8220;|||&#8220; custom_padding__hover=&#8220;|||&#8220;][et_pb_text _builder_version=&#8220;4.0.11&#8243; header_font=&#8220;Lato||||||||&#8220; header_text_color=&#8220;#054e89&#8243; background_color=&#8220;rgba(255,255,255,0)&#8220; custom_margin=&#8220;|||30px|false|false&#8220;]<\/p>\n<h1>Kontakt<\/h1>\n<p>[\/et_pb_text][\/et_pb_column][\/et_pb_row][et_pb_row column_structure=&#8220;3_5,2_5&#8243; module_class=&#8220; et_pb_row_fullwidth&#8220; _builder_version=&#8220;3.25&#8243; background_color=&#8220;#ffffff&#8220; width=&#8220;89%&#8220; width_tablet=&#8220;80%&#8220; width_phone=&#8220;&#8220; width_last_edited=&#8220;on|desktop&#8220; max_width=&#8220;89%&#8220; max_width_tablet=&#8220;80%&#8220; max_width_phone=&#8220;&#8220; max_width_last_edited=&#8220;on|desktop&#8220; module_alignment=&#8220;center&#8220; custom_margin=&#8220;|||30px&#8220; make_fullwidth=&#8220;on&#8220; custom_width_px=&#8220;1173px&#8220;][et_pb_column type=&#8220;3_5&#8243; _builder_version=&#8220;3.25&#8243; custom_padding=&#8220;|||&#8220; custom_padding__hover=&#8220;|||&#8220;][et_pb_text _builder_version=&#8220;4.0.11&#8243; custom_margin=&#8220;|||30px&#8220;]<\/p>\n<p><b>EL-DI GmbH<br \/><\/b><b>Electrodeionization Cells<\/b><\/p>\n<p>Gesch\u00e4ftsf\u00fchrer: Dietmar Steudten<\/p>\n<p>Uferstra\u00dfe 25<br \/>D-22113 Oststeinbek<\/p>\n<p>Telefon: +49 40 35 70 38 77<br \/>Fax: +49 40 35 70 38 76<br \/>Mobile: +49 176 62965762<\/p>\n<p><strong>Mail:<\/strong> <a href=\"mailto:info@el-di.de\">info(at)el-di.de<\/a><br \/><strong>Web:<\/strong> www.el-di.de<\/p>\n<p>[\/et_pb_text][\/et_pb_column][et_pb_column type=&#8220;2_5&#8243; _builder_version=&#8220;3.25&#8243; background_color=&#8220;#ffffff&#8220; custom_padding=&#8220;|10px||&#8220; custom_padding__hover=&#8220;|||&#8220;][\/et_pb_column][\/et_pb_row][\/et_pb_section][et_pb_section fb_built=&#8220;1&#8243; _builder_version=&#8220;3.22&#8243; background_color=&#8220;rgba(255,255,255,0)&#8220; custom_margin=&#8220;-20px|||&#8220; bottom_divider_style=&#8220;wave&#8220; bottom_divider_color=&#8220;#054e89&#8243;][\/et_pb_section]<\/p>\n","protected":false},"excerpt":{"rendered":"<p>KontaktEL-DI GmbHElectrodeionization Cells Gesch\u00e4ftsf\u00fchrer: Dietmar Steudten Uferstra\u00dfe 25D-22113 Oststeinbek Telefon: +49 40 35 70 38 77Fax: +49 40 35 70 38 76Mobile: +49 176 62965762 Mail: info(at)el-di.deWeb: www.el-di.de<\/p>","protected":false},"author":1,"featured_media":0,"parent":0,"menu_order":0,"comment_status":"closed","ping_status":"closed","template":"","meta":{"_et_pb_use_builder":"on","_et_pb_old_content":"","_et_gb_content_width":"","footnotes":""},"class_list":["post-75","page","type-page","status-publish","hentry"],"_links":{"self":[{"href":"http:\/\/el-di.de\/en\/wp-json\/wp\/v2\/pages\/75","targetHints":{"allow":["GET"]}}],"collection":[{"href":"http:\/\/el-di.de\/en\/wp-json\/wp\/v2\/pages"}],"about":[{"href":"http:\/\/el-di.de\/en\/wp-json\/wp\/v2\/types\/page"}],"author":[{"embeddable":true,"href":"http:\/\/el-di.de\/en\/wp-json\/wp\/v2\/users\/1"}],"replies":[{"embeddable":true,"href":"http:\/\/el-di.de\/en\/wp-json\/wp\/v2\/comments?post=75"}],"version-history":[{"count":7,"href":"http:\/\/el-di.de\/en\/wp-json\/wp\/v2\/pages\/75\/revisions"}],"predecessor-version":[{"id":388,"href":"http:\/\/el-di.de\/en\/wp-json\/wp\/v2\/pages\/75\/revisions\/388"}],"wp:attachment":[{"href":"http:\/\/el-di.de\/en\/wp-json\/wp\/v2\/media?parent=75"}],"curies":[{"name":"wp","href":"https:\/\/api.w.org\/{rel}","templated":true}]}}