{"id":330,"date":"2020-02-14T19:43:39","date_gmt":"2020-02-14T18:43:39","guid":{"rendered":"http:\/\/el-di.de\/?page_id=330"},"modified":"2025-04-09T18:00:39","modified_gmt":"2025-04-09T16:00:39","slug":"hd-klein-serie","status":"publish","type":"page","link":"http:\/\/el-di.de\/en\/hd-klein-serie\/","title":{"rendered":"HD-klein-Serie"},"content":{"rendered":"<p>[et_pb_section fb_built=&#8220;1&#8243; _builder_version=&#8220;4.16&#8243; background_color=&#8220;rgba(255,255,255,0)&#8220; bottom_divider_color=&#8220;#054e89&#8243; global_colors_info=&#8220;{}&#8220;][et_pb_row _builder_version=&#8220;4.16&#8243; global_colors_info=&#8220;{}&#8220;][et_pb_column type=&#8220;4_4&#8243; _builder_version=&#8220;4.16&#8243; custom_padding=&#8220;|||&#8220; global_colors_info=&#8220;{}&#8220; custom_padding__hover=&#8220;|||&#8220;][et_pb_text _builder_version=&#8220;4.27.4&#8243; header_font=&#8220;Arial||||||||&#8220; header_text_color=&#8220;#054e89&#8243; background_color=&#8220;rgba(255,255,255,0)&#8220; custom_margin=&#8220;|||30px|false|false&#8220; hover_enabled=&#8220;0&#8243; global_colors_info=&#8220;{}&#8220; sticky_enabled=&#8220;0&#8243;]<\/p>\n<h1>Modelle der HD-Serie 10 bis 100 L\/h<\/h1>\n<p>[\/et_pb_text][\/et_pb_column][\/et_pb_row][et_pb_row column_structure=&#8220;3_5,2_5&#8243; module_class=&#8220; et_pb_row_fullwidth&#8220; _builder_version=&#8220;4.16&#8243; background_color=&#8220;#ffffff&#8220; width=&#8220;89%&#8220; width_tablet=&#8220;80%&#8220; width_phone=&#8220;&#8220; width_last_edited=&#8220;on|desktop&#8220; max_width=&#8220;89%&#8220; max_width_tablet=&#8220;80%&#8220; max_width_phone=&#8220;&#8220; max_width_last_edited=&#8220;on|desktop&#8220; module_alignment=&#8220;center&#8220; custom_margin=&#8220;|||30px&#8220; make_fullwidth=&#8220;on&#8220; custom_width_px=&#8220;1173px&#8220; global_colors_info=&#8220;{}&#8220;][et_pb_column type=&#8220;3_5&#8243; _builder_version=&#8220;4.16&#8243; custom_padding=&#8220;|||&#8220; global_colors_info=&#8220;{}&#8220; custom_padding__hover=&#8220;|||&#8220;][et_pb_text _builder_version=&#8220;4.27.4&#8243; header_font=&#8220;||||||||&#8220; header_text_color=&#8220;#054e89&#8243; header_2_font=&#8220;Arial||||||||&#8220; header_2_text_color=&#8220;#054e89&#8243; background_color=&#8220;rgba(255,255,255,0)&#8220; custom_margin=&#8220;|-382px||30px|false|false&#8220; global_colors_info=&#8220;{}&#8220;]<\/p>\n<p><strong>EL-DI HD-Serie \u2013 F\u00fcr anspruchsvolle Wasserbedingungen<\/strong><br \/>Die <strong>HD-Serie<\/strong> ist f\u00fcr h\u00f6chste Leistungsanforderungen entwickelt. Sie eignet sich besonders f\u00fcr Anwendungen, bei denen hohe Toleranz und Zuverl\u00e4ssigkeit erforderlich sind. Die HD-Serie wird mit Nennleistungen von 10 &#8211; 500 L\/h angeboten.<\/p>\n<ul>\n<li><strong>Leistungsstark:<\/strong> Kompakte und leistungsstarke Zellen, die auch unter anspruchsvollen Bedingungen hervorragende Ergebnisse liefern.<\/li>\n<li><strong>Hohe Toleranz:<\/strong> Diese Zellen k\u00f6nnen auch mit erh\u00f6hten <strong>CO\u2082<\/strong>-Werten von bis zu <strong>30\u00a0ppm <\/strong>(abh\u00e4ngig vom Modell) und einer Feedwater Conductivity (<strong>FCE<\/strong>) von bis zu <strong>80 \u00b5S\/cm<\/strong> umgehen.<\/li>\n<li><strong>Energieeffizienz:<\/strong> Die HD-Serie verbraucht deutlich weniger Energie als herk\u00f6mmliche Systeme. Daher ist diese Serie besonders nachhaltig und senkt operative Kosten.<\/li>\n<li><strong>Betrieb mit Niederspannung:<\/strong> Die Zellen arbeiten mit Niederspannung, sodass keine zus\u00e4tzlichen Personenschutzma\u00dfnahmen erforderlich sind.<\/li>\n<li><strong>Vereinfachte Handhabung:<\/strong> Es sind keine Elektrodensp\u00fclungen, Zirkulationspumpen oder in vielen F\u00e4llen Entgasung oder pH-Anhebung erforderlich.<\/li>\n<\/ul>\n<p><strong>Fragen und Bestellungen zu unseren Produkten nehmen wir gerne per Mail unter <\/strong><a href=\"mailto:info@el-di.de\"><strong>info@el-di.de<\/strong><\/a><strong> oder per Telefon unter +49 40 35703877 entgegen.<\/strong><\/p>\n<p>[\/et_pb_text][et_pb_image src=&#8220;https:\/\/el-di.de\/wp-content\/uploads\/2025\/02\/HD-10-100_3679.jpg&#8220; title_text=&#8220;HD-10-100_3679&#8243; show_in_lightbox=&#8220;on&#8220; align_tablet=&#8220;center&#8220; align_phone=&#8220;&#8220; align_last_edited=&#8220;on|desktop&#8220; _builder_version=&#8220;4.27.4&#8243; width=&#8220;71.4%&#8220; min_height=&#8220;129.7px&#8220; custom_margin=&#8220;93px|30px|-268px|591px|false|false&#8220; custom_padding=&#8220;1px|34px|0px|||&#8220; box_shadow_style=&#8220;preset2&#8243; box_shadow_horizontal=&#8220;3px&#8220; box_shadow_vertical=&#8220;3px&#8220; box_shadow_blur=&#8220;9px&#8220; global_colors_info=&#8220;{}&#8220;][\/et_pb_image][et_pb_image src=&#8220;https:\/\/el-di.de\/wp-content\/uploads\/2025\/03\/Image-03_25-Tab2.jpg&#8220; title_text=&#8220;Image-03_25-Tab2&#8243; show_in_lightbox=&#8220;on&#8220; align_tablet=&#8220;center&#8220; align_phone=&#8220;&#8220; align_last_edited=&#8220;on|desktop&#8220; _builder_version=&#8220;4.27.4&#8243; custom_margin=&#8220;-3px|||10px|false|false&#8220; global_colors_info=&#8220;{}&#8220;][\/et_pb_image][\/et_pb_column][et_pb_column type=&#8220;2_5&#8243; _builder_version=&#8220;4.16&#8243; background_color=&#8220;#ffffff&#8220; custom_padding=&#8220;|10px||&#8220; global_colors_info=&#8220;{}&#8220; custom_padding__hover=&#8220;|||&#8220;][\/et_pb_column][\/et_pb_row][\/et_pb_section][et_pb_section fb_built=&#8220;1&#8243; _builder_version=&#8220;4.16&#8243; background_color=&#8220;rgba(255,255,255,0)&#8220; custom_margin=&#8220;-20px|||&#8220; bottom_divider_style=&#8220;wave&#8220; bottom_divider_color=&#8220;#054e89&#8243; global_colors_info=&#8220;{}&#8220;][\/et_pb_section]<\/p>\n","protected":false},"excerpt":{"rendered":"<p>Modelle der HD-Serie 10 bis 100 L\/hEL-DI HD-Serie \u2013 F\u00fcr anspruchsvolle WasserbedingungenDie HD-Serie ist f\u00fcr h\u00f6chste Leistungsanforderungen entwickelt. Sie eignet sich besonders f\u00fcr Anwendungen, bei denen hohe Toleranz und Zuverl\u00e4ssigkeit erforderlich sind. Die HD-Serie wird mit Nennleistungen von 10 &#8211; 500 L\/h angeboten. Leistungsstark: Kompakte und leistungsstarke Zellen, die auch unter anspruchsvollen Bedingungen hervorragende Ergebnisse [&hellip;]<\/p>\n","protected":false},"author":1,"featured_media":0,"parent":0,"menu_order":0,"comment_status":"closed","ping_status":"closed","template":"","meta":{"_et_pb_use_builder":"on","_et_pb_old_content":"","_et_gb_content_width":"","footnotes":""},"class_list":["post-330","page","type-page","status-publish","hentry"],"_links":{"self":[{"href":"http:\/\/el-di.de\/en\/wp-json\/wp\/v2\/pages\/330","targetHints":{"allow":["GET"]}}],"collection":[{"href":"http:\/\/el-di.de\/en\/wp-json\/wp\/v2\/pages"}],"about":[{"href":"http:\/\/el-di.de\/en\/wp-json\/wp\/v2\/types\/page"}],"author":[{"embeddable":true,"href":"http:\/\/el-di.de\/en\/wp-json\/wp\/v2\/users\/1"}],"replies":[{"embeddable":true,"href":"http:\/\/el-di.de\/en\/wp-json\/wp\/v2\/comments?post=330"}],"version-history":[{"count":20,"href":"http:\/\/el-di.de\/en\/wp-json\/wp\/v2\/pages\/330\/revisions"}],"predecessor-version":[{"id":739,"href":"http:\/\/el-di.de\/en\/wp-json\/wp\/v2\/pages\/330\/revisions\/739"}],"wp:attachment":[{"href":"http:\/\/el-di.de\/en\/wp-json\/wp\/v2\/media?parent=330"}],"curies":[{"name":"wp","href":"https:\/\/api.w.org\/{rel}","templated":true}]}}